{"id":2,"date":"2021-03-21T19:44:11","date_gmt":"2021-03-21T19:44:11","guid":{"rendered":"http:\/\/www.pracownia-senso.pl\/?page_id=2"},"modified":"2021-03-23T06:34:56","modified_gmt":"2021-03-23T06:34:56","slug":"sample-page","status":"publish","type":"page","link":"http:\/\/www.pracownia-senso.pl\/","title":{"rendered":"Nasza pracownia"},"content":{"rendered":"\n<p class=\"has-text-align-center\"><br>Firma &#8222;Senso&#8221; \u015bwiadczy us\u0142ugi w zakresie frezowania, grawerowania, wycinania itp. w materia\u0142ach drewnianych, drewnopodobnych, czy te\u017c tworzywach sztucznych i innych materia\u0142ach.Podczas wykonywania tych us\u0142ug firma korzysta si\u0119 z nowoczesnych technologii CNC. Technologia ta pozwala na komputerowe sterowanie urz\u0105dzeniami, w tym przypadku maszynami (ploterami frezuj\u0105cymi).<\/p>\n\n\n\n<div class=\"wp-block-nextend-smartslider3\"><\/div>\n\n\n\n<p><\/p>\n","protected":false},"excerpt":{"rendered":"<p>Firma &#8222;Senso&#8221; \u015bwiadczy us\u0142ugi w zakresie frezowania, grawerowania, wycinania itp. w materia\u0142ach drewnianych, drewnopodobnych, czy te\u017c tworzywach sztucznych i innych materia\u0142ach.Podczas wykonywania tych us\u0142ug firma korzysta si\u0119 z nowoczesnych technologii CNC. Technologia ta pozwala na komputerowe sterowanie urz\u0105dzeniami, w tym przypadku maszynami (ploterami frezuj\u0105cymi).<\/p>\n","protected":false},"author":1,"featured_media":0,"parent":0,"menu_order":0,"comment_status":"closed","ping_status":"open","template":"","meta":{"neve_meta_sidebar":"full-width","neve_meta_container":"","neve_meta_enable_content_width":"","neve_meta_content_width":0,"neve_meta_title_alignment":"","neve_meta_author_avatar":"","neve_post_elements_order":"","neve_meta_disable_header":"","neve_meta_disable_footer":"","neve_meta_disable_title":""},"_links":{"self":[{"href":"http:\/\/www.pracownia-senso.pl\/index.php?rest_route=\/wp\/v2\/pages\/2"}],"collection":[{"href":"http:\/\/www.pracownia-senso.pl\/index.php?rest_route=\/wp\/v2\/pages"}],"about":[{"href":"http:\/\/www.pracownia-senso.pl\/index.php?rest_route=\/wp\/v2\/types\/page"}],"author":[{"embeddable":true,"href":"http:\/\/www.pracownia-senso.pl\/index.php?rest_route=\/wp\/v2\/users\/1"}],"replies":[{"embeddable":true,"href":"http:\/\/www.pracownia-senso.pl\/index.php?rest_route=%2Fwp%2Fv2%2Fcomments&post=2"}],"version-history":[{"count":17,"href":"http:\/\/www.pracownia-senso.pl\/index.php?rest_route=\/wp\/v2\/pages\/2\/revisions"}],"predecessor-version":[{"id":178,"href":"http:\/\/www.pracownia-senso.pl\/index.php?rest_route=\/wp\/v2\/pages\/2\/revisions\/178"}],"wp:attachment":[{"href":"http:\/\/www.pracownia-senso.pl\/index.php?rest_route=%2Fwp%2Fv2%2Fmedia&parent=2"}],"curies":[{"name":"wp","href":"https:\/\/api.w.org\/{rel}","templated":true}]}}